{"id":4014,"date":"2023-03-06T09:31:41","date_gmt":"2023-03-06T09:31:41","guid":{"rendered":"http:\/\/hopm.pmc.productions\/?page_id=4014"},"modified":"2023-03-07T13:41:04","modified_gmt":"2023-03-07T13:41:04","slug":"news-vom-projektmanager-zum-projekt-architekten","status":"publish","type":"page","link":"https:\/\/hopm.pmc.productions\/en\/aktuelles\/news-vom-projektmanager-zum-projekt-architekten\/","title":{"rendered":"News vom Projektmanager zum Projekt-Architekten"},"content":{"rendered":"<div data-elementor-type=\"wp-page\" data-elementor-id=\"4014\" class=\"elementor elementor-4014\">\n\t\t\t\t\t\t\t\t\t<section class=\"elementor-section elementor-top-section elementor-element elementor-element-0839135 elementor-section-full_width elementor-section-stretched elementor-section-height-default elementor-section-height-default\" data-id=\"0839135\" data-element_type=\"section\" data-settings=\"{&quot;stretch_section&quot;:&quot;section-stretched&quot;}\">\n\t\t\t\t\t\t<div class=\"elementor-container elementor-column-gap-no\">\n\t\t\t\t\t<div class=\"elementor-column elementor-col-100 elementor-top-column elementor-element elementor-element-af1d64a\" data-id=\"af1d64a\" data-element_type=\"column\">\n\t\t\t<div class=\"elementor-widget-wrap elementor-element-populated\">\n\t\t\t\t\t\t\t\t<div class=\"elementor-element elementor-element-82f7414 elementor-widget elementor-widget-slider_revolution\" data-id=\"82f7414\" data-element_type=\"widget\" data-widget_type=\"slider_revolution.default\">\n\t\t\t\t<div class=\"elementor-widget-container\">\n\t\t\t\n\t\t<div class=\"wp-block-themepunch-revslider\">\n\t\t\t<!-- START StageAktuelles REVOLUTION SLIDER 6.6.20 --><p class=\"rs-p-wp-fix\"><\/p>\n\t\t\t<rs-module-wrap id=\"rev_slider_81_1_wrapper\" data-source=\"gallery\" style=\"visibility:hidden;background:transparent;padding:0;margin:0px auto;margin-top:0;margin-bottom:0;\">\n\t\t\t\t<rs-module id=\"rev_slider_81_1\" style=\"\" data-version=\"6.6.20\">\n\t\t\t\t\t<rs-slides style=\"overflow: hidden; position: absolute;\">\n\t\t\t\t\t\t<rs-slide style=\"position: absolute;\" data-key=\"rs-97\" data-title=\"Slide\" data-in=\"o:0;\" data-out=\"a:false;\">\n\t\t\t\t\t\t\t<img decoding=\"async\" src=\"\/\/hopm.pmc.productions\/wp-content\/plugins\/revslider\/public\/assets\/assets\/dummy.png\" alt=\"Slide\" title=\"News vom Projektmanager zum Projekt-Architekten\" class=\"rev-slidebg tp-rs-img rs-lazyload\" data-lazyload=\"\/\/hopm.pmc.productions\/wp-content\/plugins\/revslider\/public\/assets\/assets\/transparent.png\" data-parallax=\"off\" data-no-retina>\n<!--\n\t\t\t\t\t\t\t--><rs-layer\n\t\t\t\t\t\t\t\tid=\"slider-81-slide-97-layer-0\" \n\t\t\t\t\t\t\t\tclass=\"rs-pxl-6 rs-pxmask\"\n\t\t\t\t\t\t\t\tdata-type=\"image\"\n\t\t\t\t\t\t\t\tdata-rsp_ch=\"on\"\n\t\t\t\t\t\t\t\tdata-xy=\"x:c;\"\n\t\t\t\t\t\t\t\tdata-text=\"w:normal;s:20,20,7,7;l:0,0,9,9;\"\n\t\t\t\t\t\t\t\tdata-dim=\"w:['100%','100%','100%','100%'];h:['100%','100%','100%','100%'];\"\n\t\t\t\t\t\t\t\tdata-vbility=\"t,t,f,f\"\n\t\t\t\t\t\t\t\tdata-frame_0=\"sX:2;sY:2;\"\n\t\t\t\t\t\t\t\tdata-frame_0_mask=\"u:t;\"\n\t\t\t\t\t\t\t\tdata-frame_1=\"e:power2.out;sp:2000;\"\n\t\t\t\t\t\t\t\tdata-frame_1_mask=\"u:t;\"\n\t\t\t\t\t\t\t\tdata-frame_999=\"o:0;st:w;sR:7000;\"\n\t\t\t\t\t\t\t\tstyle=\"z-index:6;\"\n\t\t\t\t\t\t\t><img fetchpriority=\"high\" decoding=\"async\" src=\"\/\/hopm.pmc.productions\/wp-content\/plugins\/revslider\/public\/assets\/assets\/dummy.png\" alt=\"\" class=\"tp-rs-img rs-lazyload\" width=\"1920\" height=\"800\" data-lazyload=\"\/\/hopm.pmc.productions\/wp-content\/uploads\/revslider\/5-Aktuelles\/5-Aktuelles-DESKTOP.jpg\" data-c=\"cover\" data-no-retina> \n\t\t\t\t\t\t\t<\/rs-layer><!--\n\n\t\t\t\t\t\t\t--><rs-layer\n\t\t\t\t\t\t\t\tid=\"slider-81-slide-97-layer-2\" \n\t\t\t\t\t\t\t\tclass=\"rs-pxl-6 rs-pxmask\"\n\t\t\t\t\t\t\t\tdata-type=\"image\"\n\t\t\t\t\t\t\t\tdata-rsp_ch=\"on\"\n\t\t\t\t\t\t\t\tdata-xy=\"x:c;y:t,t,m,m;\"\n\t\t\t\t\t\t\t\tdata-text=\"w:normal;s:20,20,7,7;l:0,0,9,9;\"\n\t\t\t\t\t\t\t\tdata-dim=\"w:['100%','100%','100%','100%'];h:['100%','100%','100%','100%'];\"\n\t\t\t\t\t\t\t\tdata-vbility=\"f,f,t,t\"\n\t\t\t\t\t\t\t\tdata-frame_0=\"sX:2;sY:2;\"\n\t\t\t\t\t\t\t\tdata-frame_0_mask=\"u:t;\"\n\t\t\t\t\t\t\t\tdata-frame_1=\"e:power2.out;sp:2000;\"\n\t\t\t\t\t\t\t\tdata-frame_1_mask=\"u:t;\"\n\t\t\t\t\t\t\t\tdata-frame_999=\"o:0;st:w;sR:7000;\"\n\t\t\t\t\t\t\t\tstyle=\"z-index:7;\"\n\t\t\t\t\t\t\t><img decoding=\"async\" src=\"\/\/hopm.pmc.productions\/wp-content\/plugins\/revslider\/public\/assets\/assets\/dummy.png\" alt=\"\" class=\"tp-rs-img rs-lazyload\" width=\"750\" height=\"750\" data-lazyload=\"\/\/hopm.pmc.productions\/wp-content\/uploads\/2023\/02\/5-Aktuelles-MOBILE.jpg\" data-c=\"cover\" data-no-retina> \n\t\t\t\t\t\t\t<\/rs-layer><!--\n\n\t\t\t\t\t\t\t--><rs-layer\n\t\t\t\t\t\t\t\tid=\"slider-81-slide-97-layer-6\" \n\t\t\t\t\t\t\t\tclass=\"rs-noevents\"\n\t\t\t\t\t\t\t\tdata-type=\"text\"\n\t\t\t\t\t\t\t\tdata-rsp_ch=\"on\"\n\t\t\t\t\t\t\t\tdata-xy=\"x:c,c,l,c;xo:604px,604px,198px,198px;y:b;yo:-16px,-16px,-29px,-29px;\"\n\t\t\t\t\t\t\t\tdata-text=\"w:normal;s:90,90,80,80;l:90,90,110,110;ls:3px,3px,0px,0px;fw:900;\"\n\t\t\t\t\t\t\t\tdata-dim=\"w:715px,715px,590px,590px;minh:0px,0px,none,0px;\"\n\t\t\t\t\t\t\t\tdata-frame_0=\"o:1;\"\n\t\t\t\t\t\t\t\tdata-frame_0_chars=\"d:5;x:105%;o:1;rY:45deg;rZ:90deg;\"\n\t\t\t\t\t\t\t\tdata-frame_0_mask=\"u:t;\"\n\t\t\t\t\t\t\t\tdata-frame_1=\"sp:1100;\"\n\t\t\t\t\t\t\t\tdata-frame_1_chars=\"e:power4.inOut;d:10;rZ:0deg;\"\n\t\t\t\t\t\t\t\tdata-frame_1_mask=\"u:t;\"\n\t\t\t\t\t\t\t\tdata-frame_999=\"o:0;st:w;sR:7000;\"\n\t\t\t\t\t\t\t\tstyle=\"z-index:8;font-family:'Roboto';text-transform:uppercase;\"\n\t\t\t\t\t\t\t>News \n\t\t\t\t\t\t\t<\/rs-layer><!--\n-->\t\t\t\t\t\t<\/rs-slide>\n\t\t\t\t\t<\/rs-slides>\n\t\t\t\t<\/rs-module>\n\t\t\t\t<script>\n\t\t\t\t\tsetREVStartSize({c: 'rev_slider_81_1',rl:[1920,1920,1200,1200],el:[800,800,778,778],gw:[1920,1920,778,778],gh:[800,800,778,778],type:'standard',justify:'',layout:'fullwidth',mh:\"0\"});if (window.RS_MODULES!==undefined && window.RS_MODULES.modules!==undefined && window.RS_MODULES.modules[\"revslider811\"]!==undefined) {window.RS_MODULES.modules[\"revslider811\"].once = false;window.revapi81 = undefined;if (window.RS_MODULES.checkMinimal!==undefined) window.RS_MODULES.checkMinimal()}\n\t\t\t\t<\/script>\n\t\t\t<\/rs-module-wrap>\n\t\t\t<!-- END REVOLUTION SLIDER -->\n<\/div>\n\n\t\t\t\t<\/div>\n\t\t\t\t<\/div>\n\t\t\t\t\t<\/div>\n\t\t<\/div>\n\t\t\t\t\t\t\t<\/div>\n\t\t<\/section>\n\t\t\t\t<section class=\"elementor-section elementor-top-section elementor-element elementor-element-2e1828b6 elementor-section-height-min-height elementor-section-full_width elementor-section-stretched elementor-section-height-default elementor-section-items-middle\" data-id=\"2e1828b6\" data-element_type=\"section\" id=\"Introtext\" data-settings=\"{&quot;background_background&quot;:&quot;classic&quot;,&quot;stretch_section&quot;:&quot;section-stretched&quot;,&quot;background_motion_fx_motion_fx_scrolling&quot;:&quot;yes&quot;,&quot;background_motion_fx_translateY_effect&quot;:&quot;yes&quot;,&quot;background_motion_fx_translateY_direction&quot;:&quot;negative&quot;,&quot;background_motion_fx_translateY_speed&quot;:{&quot;unit&quot;:&quot;px&quot;,&quot;size&quot;:0,&quot;sizes&quot;:[]},&quot;background_motion_fx_translateY_affectedRange&quot;:{&quot;unit&quot;:&quot;%&quot;,&quot;size&quot;:&quot;&quot;,&quot;sizes&quot;:{&quot;start&quot;:0,&quot;end&quot;:52}},&quot;background_motion_fx_devices&quot;:[&quot;desktop&quot;,&quot;tablet&quot;,&quot;mobile&quot;]}\">\n\t\t\t\t\t\t<div class=\"elementor-container elementor-column-gap-no\">\n\t\t\t\t\t<div class=\"elementor-column elementor-col-100 elementor-top-column elementor-element elementor-element-61686671\" data-id=\"61686671\" data-element_type=\"column\">\n\t\t\t<div class=\"elementor-widget-wrap elementor-element-populated\">\n\t\t\t\t\t\t\t\t<div class=\"elementor-element elementor-element-5e2cff7f elementor-widget__width-initial elementor-widget elementor-widget-text-editor\" data-id=\"5e2cff7f\" data-element_type=\"widget\" data-widget_type=\"text-editor.default\">\n\t\t\t\t<div class=\"elementor-widget-container\">\n\t\t\t<style>\/*! elementor - v3.18.0 - 20-12-2023 *\/\n.elementor-widget-text-editor.elementor-drop-cap-view-stacked .elementor-drop-cap{background-color:#69727d;color:#fff}.elementor-widget-text-editor.elementor-drop-cap-view-framed .elementor-drop-cap{color:#69727d;border:3px solid;background-color:transparent}.elementor-widget-text-editor:not(.elementor-drop-cap-view-default) .elementor-drop-cap{margin-top:8px}.elementor-widget-text-editor:not(.elementor-drop-cap-view-default) .elementor-drop-cap-letter{width:1em;height:1em}.elementor-widget-text-editor .elementor-drop-cap{float:left;text-align:center;line-height:1;font-size:50px}.elementor-widget-text-editor .elementor-drop-cap-letter{display:inline-block}<\/style>\t\t\t\t<p>&gt;&gt; Control center PMO<\/p>\t\t\t\t\t\t<\/div>\n\t\t\t\t<\/div>\n\t\t\t\t<div class=\"elementor-element elementor-element-5d2dbfeb elementor-widget__width-initial elementor-widget elementor-widget-text-editor\" data-id=\"5d2dbfeb\" data-element_type=\"widget\" data-widget_type=\"text-editor.default\">\n\t\t\t\t<div class=\"elementor-widget-container\">\n\t\t\t\t\t\t\t<p>From project manager to project architect<\/p>\t\t\t\t\t\t<\/div>\n\t\t\t\t<\/div>\n\t\t\t\t<div class=\"elementor-element elementor-element-786b0ec2 elementor-widget__width-initial elementor-widget elementor-widget-text-editor\" data-id=\"786b0ec2\" data-element_type=\"widget\" data-widget_type=\"text-editor.default\">\n\t\t\t\t<div class=\"elementor-widget-container\">\n\t\t\t\t\t\t\t<p><strong>HAMBURG, 03.08.2022 &#8211;&nbsp;<\/strong>Project management offices (PMO) benefit from project architects.<br>And project architects also free project managers from having to \"reinvent the wheel\" on every project.<br>How project architects help companies achieve sustainable success ...<\/p>\n<p><strong>Current situation:<\/strong><br>Projects are making an ever greater contribution to the success of companies. Many companies have therefore invested in expanding their project management expertise, for example by providing employees with appropriate training and certification, standardizing PM processes to a large extent, or developing IT systems that simplify the interlinked planning and control of projects. The existing organization is often expanded to include permanent functions such as Project Management Offices (PMO), which are integrated into both line and project work and provide targeted support for projects. The IT industry in particular should thus benefit from greater reliability and a higher degree of predictability in project implementation.<\/p>\n<p>Yet despite all these structural and process measures, projects have often not become significantly more successful from the point of view of their clients. On the contrary: in an increasingly complex economic environment, the performance level of projects seems to stagnate.<\/p>\n<p><strong>What is the background?<\/strong><br>In the past, the projects existing in the company were implemented at the discretion of the project manager based on his own methodology. Each project manager decides what is good and right and, above all, appropriate. With the unified approach after the establishment of a PMO, which is mainly concerned with the introduction of formalisms and methods, projects are treated equally. In addition, further formalisms are introduced to check interdependencies. In order to maintain the up-to-dateness of the documents, extensive documentation efforts are required. The additional workload leads to employee dissatisfaction. They complain about more work, more formalism, slower decisions, unproductive overtime. The result is a slowdown in development processes. In order to achieve the set goals, higher investments must now be made or a longer time-to-market must be planned. Project delays lead to delivery bottlenecks, additional payments, customer dissatisfaction and ultimately to high costs.<\/p>\n<p><strong>What are the causes?<\/strong><br>This does not have to be the case. House of PM's experience from a variety of assignments both as a PM consultant and as an active project manager points to two structural causes:<br>- PMOs are often strongly implementation-oriented or<br>- are limited to the maintenance and management of the PM methodology and the PM toolbox.<\/p>\n<p>They see themselves optionally as masters of standards and instruments, as quality controllers, as coaches, as the extended arm of controlling - but very rarely as a powerful element of an entrepreneurial decision-making and development process. Proportionality of means is often not taken into account. As a result, they are constantly forced to make their added value visible to management and to justify their role anew time and again.<\/p>\n<p><strong>There is another way:<\/strong><br>Today, a modern PMO ensures that projects are done \"right\". At a time when human and intellectual resources are becoming increasingly scarce, while innovation cycles are accelerating and globalization is increasing, the company is challenged to select the \"right projects\" and thus make an important contribution to the return-oriented implementation of the corporate strategy. In addition to its previous tasks, the modern PMO is therefore increasingly becoming a \"project architect\".<\/p>\n<p><strong>This means:<\/strong><br>- It allows you to decide which projects to set up from a variety of ideas.<br>\u2022 Es gibt zu einem fr\u00fchen Zeitpunkt belastbare Absch\u00e4tzungen \u00fcber die voraussichtliche Projektdauer<br>und den ben\u00f6tigten Ressourcenaufwand ab.<br>\u2022 Es erh\u00f6ht die Transparenz und Messbarkeit der Projektarbeit und erm\u00f6glicht so zeitnahes Eingreifen<br>in den Projektverlauf ebenso wie die fortlaufende Verbesserung des PM-Prozesses.<\/p>\n<p>A more modern approach is the strategic and complexity-dependent prioritization and control of projects. Not all projects are carried out equally, but rather depending on their priority and complexity. In addition to prioritizing a project, the PMO does this by analyzing the organization's ability to manage complex projects.<\/p>\n<p><strong>It creates a PM benchmarking database:<\/strong><br>Now, project managers are supported and relieved from the outset with the available, concentrated collective knowledge in planning, risk assessment and resource estimation. Less complex projects can be simplified, and projects with excessive complexity can even be cancelled altogether if necessary. In this way, projects are managed from the outset with the effort they deserve.<\/p>\n<p><strong>The right three service modules<\/strong><br>The appropriate three service modulesIf a PMO is to contribute to the implementation of the strategy beyond its operational and methodological work, three service modules are particularly important:<\/p>\n<p><strong>Initial assessment of strategic \"fit\" of project ideas:<\/strong><br>On the basis of 10 - 15 strategically relevant and weighted criteria, which can include classic aspects such as customers, costs and competition, but also company-specific factors such as regulatory framework conditions, securing ongoing business capability or the development of executives, the PMO provides an initial assessment of how strongly individual projects will support strategic goals such as \"market position\" or \"profitability\". This assessment is carried out by project managers, experts and key stakeholders; the management-oriented presentation takes the form of a portfolio, for example.<\/p>\n<p><strong>Fig. 1: Strategic evaluation of a portfolio of project ideas &gt; Influence on profibility | Influence on market position<\/strong><\/p>\t\t\t\t\t\t<\/div>\n\t\t\t\t<\/div>\n\t\t\t\t<div class=\"elementor-element elementor-element-6072b18b elementor-widget__width-initial elementor-widget elementor-widget-image\" data-id=\"6072b18b\" data-element_type=\"widget\" data-widget_type=\"image.default\">\n\t\t\t\t<div class=\"elementor-widget-container\">\n\t\t\t<style>\/*! elementor - v3.18.0 - 20-12-2023 *\/\n.elementor-widget-image{text-align:center}.elementor-widget-image a{display:inline-block}.elementor-widget-image a img[src$=\".svg\"]{width:48px}.elementor-widget-image img{vertical-align:middle;display:inline-block}<\/style>\t\t\t\t\t\t\t\t\t\t\t\t<img decoding=\"async\" width=\"800\" height=\"511\" src=\"https:\/\/hopm.pmc.productions\/wp-content\/uploads\/2023\/03\/Grafik-Projekt-Architekt.png\" class=\"attachment-full size-full wp-image-4038\" alt=\"\" srcset=\"https:\/\/hopm.pmc.productions\/wp-content\/uploads\/2023\/03\/Grafik-Projekt-Architekt.png 800w, https:\/\/hopm.pmc.productions\/wp-content\/uploads\/2023\/03\/Grafik-Projekt-Architekt-300x192.png 300w, https:\/\/hopm.pmc.productions\/wp-content\/uploads\/2023\/03\/Grafik-Projekt-Architekt-768x491.png 768w, https:\/\/hopm.pmc.productions\/wp-content\/uploads\/2023\/03\/Grafik-Projekt-Architekt-18x12.png 18w\" sizes=\"(max-width: 800px) 100vw, 800px\" \/>\t\t\t\t\t\t\t\t\t\t\t\t\t\t\t<\/div>\n\t\t\t\t<\/div>\n\t\t\t\t<div class=\"elementor-element elementor-element-b08cb04 elementor-widget__width-initial elementor-widget elementor-widget-text-editor\" data-id=\"b08cb04\" data-element_type=\"widget\" data-widget_type=\"text-editor.default\">\n\t\t\t\t<div class=\"elementor-widget-container\">\n\t\t\t\t\t\t\t<p><br \/><strong>Organizational ability to implement the project:<\/strong><br \/>As one of its core tasks, the PMO records and analyzes ongoing or completed projects with regard to the organization's ability to handle complex tasks. The analysis over 15 - 20 criteria results in a so-called \"complexity score\" for the company or for individual departments, which indicates up to which level of difficulty projects could be successfully carried out and from which point they overtaxed the organization's ability to successfully implement them.<br \/><br \/>By then having business specialists, PM experts, internal suppliers, executives, and possibly even external partners and customers make an assessment of the likely complexity of the project ideas selected as \"in line with strategy,\" the PMO can make a significant contribution to prioritizing the projects from the outset and sharpening their focus or target formulation. In this way, the organization obtains an overview and a selection option at an early stage as to which projects make sense and are feasible at the given time.<br \/><br \/><strong>Provide project planning parameters:<\/strong><br \/>The data basis with which the PMO quantifies a company's accumulated project experience also serves to provide project managers with important planning information about the expected duration and budget to be allocated to their project right from the start. The project manager is relieved at this point; successful but also failed projects of the past are actively used to increase the company's collective knowledge of feasibility and risks; the project owners can consciously reduce the supposed complexity of their project at an early stage, for example by reducing the number of interfaces with external developers, installing a well-rehearsed project team or interpreting their own role in the steering committee more actively.<br \/><br \/><strong>Advantages:<\/strong><br \/>A PMO which, in addition to its traditional role, assumes the task of a \"project architect\" and is expected to make a visible contribution to the implementation of the corporate strategy on the basis of a sound knowledge of project success and failure factors, must be directly linked to the corporate management. The decision to give a PMO with previously limited and operationally focused tasks the mandate to fundamentally shape the decision-making process for future projects from the outset will inevitably lead to organizational tensions. But companies that weather the conflicts arising from such an expansion of the PMO's mandate and consistently focus on the measurability of project success have the prospect of a number of advantages:<\/p><p><strong>- There will be fewer projects and less \"reactive power\" for vague ideas.<\/strong> Instead, the projects are better thought out and set up with a sense of proportion right from the start.<\/p><p><strong>- There will be faster and clearer decisions about which projects to implement or stop, but most importantly:<\/strong> Which ideas, which sometimes sound good, are not even pursued and thus tie up energy, time and resources.<\/p><p><strong>- There will be quickly accessible information on where to optimize one's own processes and projects<\/strong> - especially when the fastest improvement is to reduce complexity and increase clarity.<\/p><p><strong>- Project managers - and this is an important aspect in terms of attracting and developing managers<\/strong> - are freed from having to \"reinvent the wheel\" on every project. The PMO provides them with an assessment from the outset of how long their project will take as currently defined, what risks they will face, and what strategic contribution is expected from the project.<br \/><br \/><strong>The modern PMO leads to a more realistic assessment of the project potential right from the start.<\/strong> The individual project components can thus be coordinated more effectively. These analyses are very valuable for the company and provide invaluable added value.<\/p>\t\t\t\t\t\t<\/div>\n\t\t\t\t<\/div>\n\t\t\t\t<div class=\"elementor-element elementor-element-673abc8b elementor-widget__width-auto elementor-absolute elementor-widget elementor-widget-button\" data-id=\"673abc8b\" data-element_type=\"widget\" data-settings=\"{&quot;_position&quot;:&quot;absolute&quot;}\" data-widget_type=\"button.default\">\n\t\t\t\t<div class=\"elementor-widget-container\">\n\t\t\t\t\t<div class=\"elementor-button-wrapper\">\n\t\t\t<a class=\"elementor-button elementor-button-link elementor-size-xl elementor-animation-grow\" href=\"#Introtext\">\n\t\t\t\t\t\t<span class=\"elementor-button-content-wrapper\">\n\t\t\t\t\t\t<span class=\"elementor-button-icon elementor-align-icon-left\">\n\t\t\t\t<i aria-hidden=\"true\" class=\"fas fa-chevron-down\"><\/i>\t\t\t<\/span>\n\t\t\t\t\t\t<span class=\"elementor-button-text\"><\/span>\n\t\t<\/span>\n\t\t\t\t\t<\/a>\n\t\t<\/div>\n\t\t\t\t<\/div>\n\t\t\t\t<\/div>\n\t\t\t\t\t<\/div>\n\t\t<\/div>\n\t\t\t\t\t\t\t<\/div>\n\t\t<\/section>\n\t\t\t\t\t\t\t<\/div>","protected":false},"excerpt":{"rendered":"<p>&gt;&gt; Steuerzentrale PMO Vom Projekt-Manager zum Projekt-Architekten HAMBURG, 03.08.2022 &#8211;&nbsp;Project Management Offices (PMO) profitieren von Projekt-Architekten.Und auch Projektleiter werden durch Projekt-Architekten davon befreit, bei jedem Projekt &#8222;das Rad neu erfinden zu m\u00fcssen&#8220;.Wie Projekt-Architekten Unternehmen helfen, nachhaltig erfolgreich zu sein &#8230; Aktuelle Situation:Projekte liefern einen immer h\u00f6heren Beitrag zum Erfolg der Unternehmen. Viele Firmen haben deshalb [&hellip;]<\/p>","protected":false},"author":1,"featured_media":0,"parent":665,"menu_order":4100,"comment_status":"closed","ping_status":"closed","template":"elementor_header_footer","meta":{"footnotes":""},"_links":{"self":[{"href":"https:\/\/hopm.pmc.productions\/en\/wp-json\/wp\/v2\/pages\/4014"}],"collection":[{"href":"https:\/\/hopm.pmc.productions\/en\/wp-json\/wp\/v2\/pages"}],"about":[{"href":"https:\/\/hopm.pmc.productions\/en\/wp-json\/wp\/v2\/types\/page"}],"author":[{"embeddable":true,"href":"https:\/\/hopm.pmc.productions\/en\/wp-json\/wp\/v2\/users\/1"}],"replies":[{"embeddable":true,"href":"https:\/\/hopm.pmc.productions\/en\/wp-json\/wp\/v2\/comments?post=4014"}],"version-history":[{"count":22,"href":"https:\/\/hopm.pmc.productions\/en\/wp-json\/wp\/v2\/pages\/4014\/revisions"}],"predecessor-version":[{"id":4474,"href":"https:\/\/hopm.pmc.productions\/en\/wp-json\/wp\/v2\/pages\/4014\/revisions\/4474"}],"up":[{"embeddable":true,"href":"https:\/\/hopm.pmc.productions\/en\/wp-json\/wp\/v2\/pages\/665"}],"wp:attachment":[{"href":"https:\/\/hopm.pmc.productions\/en\/wp-json\/wp\/v2\/media?parent=4014"}],"curies":[{"name":"wp","href":"https:\/\/api.w.org\/{rel}","templated":true}]}}